{"id":518,"date":"2022-08-22T20:15:04","date_gmt":"2022-08-23T01:15:04","guid":{"rendered":"https:\/\/batems.edu.mx\/cu\/?page_id=518"},"modified":"2026-02-18T11:42:34","modified_gmt":"2026-02-18T17:42:34","slug":"descargas-formato-titulacion","status":"publish","type":"page","link":"https:\/\/batems.edu.mx\/cu\/depto-de-vinculacion\/descargas-formato-titulacion\/","title":{"rendered":"Descargas Formato Titulaci\u00f3n"},"content":{"rendered":"\n<style>\n    .tt-container {\n        max-width: 900px;\n        margin: auto;\n        font-family: Arial, sans-serif;\n    }\n\n    .tt-title {\n        text-align: center;\n        font-size: 28px;\n        margin-bottom: 25px;\n        color: #f0a10f;\n        font-weight: bold;\n    }\n\n    .tt-grid {\n        display: grid;\n        grid-template-columns: repeat(auto-fit, minmax(280px, 1fr));\n        gap: 15px;\n    }\n\n    .tt-card {\n        background: #fff8ec;\n        border-left: 6px solid #f0a10f;\n        padding: 15px 20px;\n        border-radius: 8px;\n        box-shadow: 0 4px 8px rgba(0,0,0,0.05);\n        display: flex;\n        justify-content: space-between;\n        align-items: center;\n        transition: transform 0.2s;\n    }\n\n    .tt-card:hover {\n        transform: translateY(-4px);\n    }\n\n    .tt-card span {\n        font-size: 15px;\n        font-weight: 600;\n        color: #333;\n    }\n\n    .tt-card a {\n        text-decoration: none;\n        background: #f0a10f;\n        color: #fff;\n        padding: 8px 14px;\n        border-radius: 6px;\n        font-size: 14px;\n        font-weight: bold;\n        transition: background 0.3s;\n    }\n\n    .tt-card a:hover {\n        background: #c8820c;\n    }\n<\/style>\n\n<div class=\"tt-container\">\n    <div class=\"tt-title\">Descargas Formato de Titulaci\u00f3n<\/div>\n\n    <div class=\"tt-grid\">\n\n        <div class=\"tt-card\">\n            <span>Opciones de Titulaci\u00f3n<\/span>\n            <a href=\"https:\/\/batems.edu.mx\/cu\/wp-content\/uploads\/2026\/02\/OPCIONES-DE-TITULACION.pdf\" target=\"_blank\">\n                Descargar\n            <\/a>\n        <\/div>\n\n        <div class=\"tt-card\">\n            <span>Requisitos de Titulaci\u00f3n<\/span>\n            <a href=\"https:\/\/batems.edu.mx\/cu\/wp-content\/uploads\/2026\/02\/FT01-REQUISITOS-PARA-TITULACION-2025.pdf\" target=\"_blank\">\n                Descargar\n            <\/a>\n        <\/div>\n\n        <div class=\"tt-card\">\n            <span>Caracter\u00edsticas de Fotograf\u00edas para Titulaci\u00f3n<\/span>\n            <a href=\"https:\/\/batems.edu.mx\/cu\/wp-content\/uploads\/2026\/02\/CARACTERISTICAS-DE-LA-FOTO.pdf\" target=\"_blank\">\n                Descargar\n            <\/a>\n        <\/div>\n\n        <div class=\"tt-card\">\n            <span>FT02 \u2013 Solicitud de Examen Profesional<\/span>\n            <a href=\"https:\/\/batems.edu.mx\/cu\/wp-content\/uploads\/2026\/02\/FT02-Solicitud-de-Tramite-de-Titulacion-UNIVERSIDAD12.pdf\" target=\"_blank\">\n                Descargar\n            <\/a>\n        <\/div>\n\n    <\/div>\n<\/div>\n","protected":false},"excerpt":{"rendered":"<p>Descargas Formato de Titulaci\u00f3n Opciones de Titulaci\u00f3n Descargar Requisitos de Titulaci\u00f3n Descargar Caracter\u00edsticas de Fotograf\u00edas para Titulaci\u00f3n Descargar FT02 \u2013 Solicitud de Examen Profesional Descargar<\/p>\n","protected":false},"author":1,"featured_media":0,"parent":207,"menu_order":0,"comment_status":"closed","ping_status":"closed","template":"","meta":{"footnotes":""},"class_list":["post-518","page","type-page","status-publish","hentry"],"_links":{"self":[{"href":"https:\/\/batems.edu.mx\/cu\/wp-json\/wp\/v2\/pages\/518","targetHints":{"allow":["GET"]}}],"collection":[{"href":"https:\/\/batems.edu.mx\/cu\/wp-json\/wp\/v2\/pages"}],"about":[{"href":"https:\/\/batems.edu.mx\/cu\/wp-json\/wp\/v2\/types\/page"}],"author":[{"embeddable":true,"href":"https:\/\/batems.edu.mx\/cu\/wp-json\/wp\/v2\/users\/1"}],"replies":[{"embeddable":true,"href":"https:\/\/batems.edu.mx\/cu\/wp-json\/wp\/v2\/comments?post=518"}],"version-history":[{"count":11,"href":"https:\/\/batems.edu.mx\/cu\/wp-json\/wp\/v2\/pages\/518\/revisions"}],"predecessor-version":[{"id":1950,"href":"https:\/\/batems.edu.mx\/cu\/wp-json\/wp\/v2\/pages\/518\/revisions\/1950"}],"up":[{"embeddable":true,"href":"https:\/\/batems.edu.mx\/cu\/wp-json\/wp\/v2\/pages\/207"}],"wp:attachment":[{"href":"https:\/\/batems.edu.mx\/cu\/wp-json\/wp\/v2\/media?parent=518"}],"curies":[{"name":"wp","href":"https:\/\/api.w.org\/{rel}","templated":true}]}}